{"id":62,"date":"2026-01-15T20:37:24","date_gmt":"2026-01-15T20:37:24","guid":{"rendered":"https:\/\/canoaguas.edu.co\/inicio\/?page_id=62"},"modified":"2026-03-31T21:20:39","modified_gmt":"2026-03-31T21:20:39","slug":"starter","status":"publish","type":"page","link":"https:\/\/canoaguas.edu.co\/inicio\/","title":{"rendered":"starter"},"content":{"rendered":"\n<div class=\"wp-block-group alignfull has-global-padding is-layout-constrained wp-block-group-is-layout-constrained\">\n<div class=\"wp-block-cover alignfull\" style=\"padding-top:var(--wp--preset--spacing--30);padding-right:var(--wp--preset--spacing--30);padding-bottom:var(--wp--preset--spacing--30);padding-left:var(--wp--preset--spacing--30);min-height:50px\"><span aria-hidden=\"true\" class=\"wp-block-cover__background has-black-background-color has-background-dim\"><\/span><img loading=\"lazy\" decoding=\"async\" width=\"1280\" height=\"1280\" class=\"wp-block-cover__image-background wp-image-13\" alt=\"\" src=\"https:\/\/canoaguas.edu.co\/inicio\/wp-content\/uploads\/2025\/03\/photo-1.jpeg\" data-object-fit=\"cover\" srcset=\"https:\/\/canoaguas.edu.co\/inicio\/wp-content\/uploads\/2025\/03\/photo-1.jpeg 1280w, https:\/\/canoaguas.edu.co\/inicio\/wp-content\/uploads\/2025\/03\/photo-1-300x300.jpeg 300w, https:\/\/canoaguas.edu.co\/inicio\/wp-content\/uploads\/2025\/03\/photo-1-1024x1024.jpeg 1024w, https:\/\/canoaguas.edu.co\/inicio\/wp-content\/uploads\/2025\/03\/photo-1-150x150.jpeg 150w, https:\/\/canoaguas.edu.co\/inicio\/wp-content\/uploads\/2025\/03\/photo-1-768x768.jpeg 768w\" sizes=\"(max-width: 1280px) 100vw, 1280px\" \/><div class=\"wp-block-cover__inner-container is-layout-flow wp-block-cover-is-layout-flow\">\n<div class=\"wp-block-group alignwide has-base-color has-text-color has-link-color wp-elements-4fc5a8a93e77722b766db262634eb1d5 is-content-justification-space-between is-layout-flex wp-container-core-group-layout-2 wp-block-group-is-layout-flex\" style=\"margin-top:0;margin-bottom:0\">\n<div class=\"wp-block-group is-layout-flex wp-block-group-is-layout-flex\"><div class=\"is-style-default wp-block-site-logo\"><a href=\"https:\/\/canoaguas.edu.co\/inicio\/\" class=\"custom-logo-link\" rel=\"home\"><img loading=\"lazy\" decoding=\"async\" width=\"41\" height=\"46\" src=\"https:\/\/canoaguas.edu.co\/inicio\/wp-content\/uploads\/2025\/03\/logo.jpeg\" class=\"custom-logo\" alt=\"INSTITUCI\u00d3N EDUCATIVA CA\u00d1O DE AGUAS\" srcset=\"https:\/\/canoaguas.edu.co\/inicio\/wp-content\/uploads\/2025\/03\/logo.jpeg 922w, https:\/\/canoaguas.edu.co\/inicio\/wp-content\/uploads\/2025\/03\/logo-263x300.jpeg 263w, https:\/\/canoaguas.edu.co\/inicio\/wp-content\/uploads\/2025\/03\/logo-897x1024.jpeg 897w, https:\/\/canoaguas.edu.co\/inicio\/wp-content\/uploads\/2025\/03\/logo-768x877.jpeg 768w\" sizes=\"(max-width: 41px) 100vw, 41px\" \/><\/a><\/div>\n\n<h1 class=\"has-link-color has-text-color has-white-color wp-block-site-title has-medium-font-size wp-elements-e24c80986e13ab3d929b38d6b46e3019\"><a href=\"https:\/\/canoaguas.edu.co\/inicio\" target=\"_self\" rel=\"home\">INSTITUCI\u00d3N EDUCATIVA CA\u00d1O DE AGUAS<\/a><\/h1><\/div>\n\n\n<nav class=\"has-text-color has-white-color is-responsive items-justified-right wp-block-navigation is-content-justification-right is-layout-flex wp-container-core-navigation-layout-1 wp-block-navigation-is-layout-flex\" aria-label=\"Navigation\" \n\t\t\tdata-wp-interactive\n\t\t\tdata-wp-context='{\"core\":{\"navigation\":{\"overlayOpenedBy\":[],\"type\":\"overlay\",\"roleAttribute\":\"\",\"ariaLabel\":\"Men\\u00fa\"}}}'\n\t\t><button aria-haspopup=\"true\" aria-label=\"Abrir el men\u00fa\" class=\"wp-block-navigation__responsive-container-open \" \n\t\t\tdata-wp-on--click=\"actions.core.navigation.openMenuOnClick\"\n\t\t\tdata-wp-on--keydown=\"actions.core.navigation.handleMenuKeydown\"\n\t\t><svg width=\"24\" height=\"24\" xmlns=\"http:\/\/www.w3.org\/2000\/svg\" viewBox=\"0 0 24 24\" aria-hidden=\"true\" focusable=\"false\"><rect x=\"4\" y=\"7.5\" width=\"16\" height=\"1.5\" \/><rect x=\"4\" y=\"15\" width=\"16\" height=\"1.5\" \/><\/svg><\/button>\n\t\t\t<div class=\"wp-block-navigation__responsive-container  \" style=\"\" id=\"modal-1\" \n\t\t\tdata-wp-class--has-modal-open=\"selectors.core.navigation.isMenuOpen\"\n\t\t\tdata-wp-class--is-menu-open=\"selectors.core.navigation.isMenuOpen\"\n\t\t\tdata-wp-effect=\"effects.core.navigation.initMenu\"\n\t\t\tdata-wp-on--keydown=\"actions.core.navigation.handleMenuKeydown\"\n\t\t\tdata-wp-on--focusout=\"actions.core.navigation.handleMenuFocusout\"\n\t\t\ttabindex=\"-1\"\n\t\t>\n\t\t\t\t<div class=\"wp-block-navigation__responsive-close\" tabindex=\"-1\">\n\t\t\t\t\t<div class=\"wp-block-navigation__responsive-dialog\" \n\t\t\tdata-wp-bind--aria-modal=\"selectors.core.navigation.ariaModal\"\n\t\t\tdata-wp-bind--aria-label=\"selectors.core.navigation.ariaLabel\"\n\t\t\tdata-wp-bind--role=\"selectors.core.navigation.roleAttribute\"\n\t\t\tdata-wp-effect=\"effects.core.navigation.focusFirstElement\"\n\t\t>\n\t\t\t\t\t\t\t<button aria-label=\"Cerrar el men\u00fa\" class=\"wp-block-navigation__responsive-container-close\" \n\t\t\tdata-wp-on--click=\"actions.core.navigation.closeMenuOnClick\"\n\t\t><svg xmlns=\"http:\/\/www.w3.org\/2000\/svg\" viewBox=\"0 0 24 24\" width=\"24\" height=\"24\" aria-hidden=\"true\" focusable=\"false\"><path d=\"M13 11.8l6.1-6.3-1-1-6.1 6.2-6.1-6.2-1 1 6.1 6.3-6.5 6.7 1 1 6.5-6.6 6.5 6.6 1-1z\"><\/path><\/svg><\/button>\n\t\t\t\t\t\t<div class=\"wp-block-navigation__responsive-container-content\" id=\"modal-1-content\">\n\t\t\t\t\t\t\t<ul class=\"wp-block-navigation__container has-text-color has-white-color is-responsive items-justified-right wp-block-navigation\"><li class=\"has-text-color has-white-color wp-block-navigation-item wp-block-home-link\"><a class=\"wp-block-home-link__content wp-block-navigation-item__content\" href=\"https:\/\/canoaguas.edu.co\/inicio\" rel=\"home\">Inicio<\/a><\/li><li class=\" wp-block-navigation-item wp-block-navigation-link\"><a class=\"wp-block-navigation-item__content\"  href=\"https:\/\/canoaguas.edu.co\/inicio\/comunicados\/\"><span class=\"wp-block-navigation-item__label\">Comunicados<\/span><\/a><\/li><\/ul>\n\t\t\t\t\t\t<\/div>\n\t\t\t\t\t<\/div>\n\t\t\t\t<\/div>\n\t\t\t<\/div><\/nav><\/div>\n\n\n\n<div class=\"wp-block-group has-global-padding is-layout-constrained wp-block-group-is-layout-constrained\">\n<div style=\"height:110px\" aria-hidden=\"true\" class=\"wp-block-spacer\"><\/div>\n<\/div>\n\n\n\n<h1 class=\"wp-block-heading has-text-align-center\">INSTITUCI\u00d3N EDUCATIVA CA\u00d1O DE AGUAS<\/h1>\n\n\n\n<div style=\"height:135px\" aria-hidden=\"true\" class=\"wp-block-spacer\"><\/div>\n<\/div><\/div>\n<\/div>\n\n\n\n<div style=\"height:57px\" aria-hidden=\"true\" class=\"wp-block-spacer\"><\/div>\n\n\n\n<div class=\"wp-block-columns alignwide is-layout-flex wp-container-core-columns-layout-2 wp-block-columns-is-layout-flex\">\n<div class=\"wp-block-column is-vertically-aligned-center has-global-padding is-content-justification-left is-layout-constrained wp-container-core-column-layout-1 wp-block-column-is-layout-constrained\" style=\"flex-basis:40%\">\n<p class=\"has-text-align-center\"><strong>Con\u00f3cenos<\/strong><\/p>\n\n\n\n<figure class=\"wp-block-image alignwide size-large\"><img loading=\"lazy\" decoding=\"async\" width=\"897\" height=\"1024\" src=\"https:\/\/canoaguas.edu.co\/inicio\/wp-content\/uploads\/2025\/03\/logo-897x1024.jpeg\" alt=\"\" class=\"wp-image-10\" srcset=\"https:\/\/canoaguas.edu.co\/inicio\/wp-content\/uploads\/2025\/03\/logo-897x1024.jpeg 897w, https:\/\/canoaguas.edu.co\/inicio\/wp-content\/uploads\/2025\/03\/logo-263x300.jpeg 263w, https:\/\/canoaguas.edu.co\/inicio\/wp-content\/uploads\/2025\/03\/logo-768x877.jpeg 768w, https:\/\/canoaguas.edu.co\/inicio\/wp-content\/uploads\/2025\/03\/logo.jpeg 922w\" sizes=\"(max-width: 897px) 100vw, 897px\" \/><\/figure>\n<\/div>\n\n\n\n<div class=\"wp-block-column is-layout-flow wp-container-core-column-layout-4 wp-block-column-is-layout-flow\" style=\"flex-basis:60%\">\n<p class=\"has-heading-font-family has-x-large-font-size\" style=\"line-height:1.2\">\u00bfQUIENES SOMOS?<\/p>\n\n\n\n<div class=\"wp-block-columns is-layout-flex wp-container-core-columns-layout-1 wp-block-columns-is-layout-flex\">\n<div class=\"wp-block-column is-layout-flow wp-block-column-is-layout-flow\">\n<p class=\"wp-container-content-2\"><strong>MISI\u00d3N: <\/strong>El Centro Educativo Departamental Ca\u00f1o de Aguas es una entidad que ofrece un servicio educativo de calidad en los niveles de Preescolar, B\u00e1sica y Media, cumpliendo con los requisitos del MEN y la Secretar\u00eda de Educaci\u00f3n Departamental. Brindando a los estudiantes una formaci\u00f3n integral; de car\u00e1cter p\u00fablico, modalidad acad\u00e9mica y mixta, dirigida a una comunidad de estratos uno y dos del corregimiento de Ca\u00f1o de Aguas y sedes anexas (municipio de Zapay\u00e1n, departamento del Magdalena), con un enfoque en valores y sana convivencia.<\/p>\n<\/div>\n\n\n\n<div class=\"wp-block-column is-layout-flow wp-block-column-is-layout-flow\">\n<p><strong>VISI\u00d3N<\/strong>: El Centro Educativo Departamental Ca\u00f1o de Aguas, en el a\u00f1o 2028, ofrecer\u00e1 un servicio educativo de excelente calidad en los niveles de Preescolar, B\u00e1sica y Media T\u00e9cnica, estableciendo convenios con el SENA, corporaciones y algunas entidades de educaci\u00f3n superior, haciendo \u00e9nfasis en la investigaci\u00f3n y Proyectos Pedag\u00f3gicos Productivos, logrando que nuestro PEI sea pertinente, incluyente y basado en una educaci\u00f3n por competencias, contando con un excelente equipo de profesionales competentes, comprometidos y amplios en valores.<\/p>\n<\/div>\n<\/div>\n<\/div>\n<\/div>\n\n\n\n<div style=\"height:19px\" aria-hidden=\"true\" class=\"wp-block-spacer\"><\/div>\n\n\n\n<div class=\"wp-block-group alignwide has-global-padding is-layout-constrained wp-container-core-group-layout-8 wp-block-group-is-layout-constrained\">\n<div class=\"wp-block-columns alignwide is-layout-flex wp-container-core-columns-layout-3 wp-block-columns-is-layout-flex\">\n<div class=\"wp-block-column is-vertically-aligned-center is-layout-flow wp-block-column-is-layout-flow\" style=\"flex-basis:40%\">\n<h3 class=\"wp-block-heading has-text-align-left is-style-default\">Nuestra comunidad educativa comprometida con la formaci\u00f3n integral de los estudiantes. Juntos construimos un futuro lleno de oportunidades y valores.<\/h3>\n\n\n\n<figure class=\"wp-block-image aligncenter size-large is-resized is-style-rounded\"><img loading=\"lazy\" decoding=\"async\" width=\"1024\" height=\"541\" src=\"https:\/\/canoaguas.edu.co\/inicio\/wp-content\/uploads\/2025\/03\/photo-e1741396947260-1024x541.jpeg\" alt=\"ied. cano de agua\" class=\"wp-image-8\" style=\"width:546px;height:auto\" srcset=\"https:\/\/canoaguas.edu.co\/inicio\/wp-content\/uploads\/2025\/03\/photo-e1741396947260-1024x541.jpeg 1024w, https:\/\/canoaguas.edu.co\/inicio\/wp-content\/uploads\/2025\/03\/photo-e1741396947260-300x158.jpeg 300w, https:\/\/canoaguas.edu.co\/inicio\/wp-content\/uploads\/2025\/03\/photo-e1741396947260-768x405.jpeg 768w, https:\/\/canoaguas.edu.co\/inicio\/wp-content\/uploads\/2025\/03\/photo-e1741396947260.jpeg 1273w\" sizes=\"(max-width: 1024px) 100vw, 1024px\" \/><\/figure>\n<\/div>\n\n\n\n<div class=\"wp-block-column is-layout-flow wp-block-column-is-layout-flow\" style=\"flex-basis:50%\">\n<figure class=\"wp-block-image aligncenter size-large is-resized is-style-rounded\"><img loading=\"lazy\" decoding=\"async\" width=\"682\" height=\"1024\" src=\"https:\/\/canoaguas.edu.co\/inicio\/wp-content\/uploads\/2025\/03\/collage-682x1024.jpeg\" alt=\"\" class=\"wp-image-9\" style=\"width:396px;height:auto\" srcset=\"https:\/\/canoaguas.edu.co\/inicio\/wp-content\/uploads\/2025\/03\/collage-682x1024.jpeg 682w, https:\/\/canoaguas.edu.co\/inicio\/wp-content\/uploads\/2025\/03\/collage-200x300.jpeg 200w, https:\/\/canoaguas.edu.co\/inicio\/wp-content\/uploads\/2025\/03\/collage-768x1152.jpeg 768w, https:\/\/canoaguas.edu.co\/inicio\/wp-content\/uploads\/2025\/03\/collage.jpeg 853w\" sizes=\"(max-width: 682px) 100vw, 682px\" \/><\/figure>\n<\/div>\n<\/div>\n\n\n\n<div style=\"height:0px\" aria-hidden=\"true\" class=\"wp-block-spacer\"><\/div>\n\n\n\n<div class=\"wp-block-columns alignwide is-layout-flex wp-container-core-columns-layout-4 wp-block-columns-is-layout-flex\">\n<div class=\"wp-block-column is-layout-flow wp-block-column-is-layout-flow\" style=\"flex-basis:50%\"><\/div>\n<\/div>\n\n\n\n<div class=\"wp-block-group alignfull has-background-color is-layout-flow wp-block-group-is-layout-flow\" style=\"margin-top:0;margin-bottom:0;padding-top:var(--wp--preset--spacing--50);padding-right:var(--wp--preset--spacing--30);padding-bottom:var(--wp--preset--spacing--50);padding-left:var(--wp--preset--spacing--30)\">\n<div class=\"wp-block-group alignfull has-small-font-size is-content-justification-space-between is-nowrap is-layout-flex wp-container-core-group-layout-6 wp-block-group-is-layout-flex\"><h1 class=\"wp-block-site-title has-small-font-size wp-container-content-3\"><a href=\"https:\/\/canoaguas.edu.co\/inicio\" target=\"_self\" rel=\"home\">INSTITUCI\u00d3N EDUCATIVA CA\u00d1O DE AGUAS<\/a><\/h1>\n\n\n<div class=\"wp-block-group wp-container-content-4 is-vertical is-content-justification-center is-layout-flex wp-container-core-group-layout-5 wp-block-group-is-layout-flex\">\n<p class=\"has-text-align-center has-small-font-size\">mievaluaciondatos.com<\/p>\n<\/div>\n\n\n\n<ul class=\"wp-block-social-links has-small-icon-size is-style-logos-only wp-container-content-5 is-content-justification-right is-nowrap is-layout-flex wp-container-core-social-links-layout-1 wp-block-social-links-is-layout-flex\"><li class=\"wp-social-link wp-social-link-facebook  wp-block-social-link\"><a href=\"https:\/\/www.facebook.com\/centrocdaguas\/\" class=\"wp-block-social-link-anchor\"><svg width=\"24\" height=\"24\" viewBox=\"0 0 24 24\" version=\"1.1\" xmlns=\"http:\/\/www.w3.org\/2000\/svg\" aria-hidden=\"true\" focusable=\"false\"><path d=\"M12 2C6.5 2 2 6.5 2 12c0 5 3.7 9.1 8.4 9.9v-7H7.9V12h2.5V9.8c0-2.5 1.5-3.9 3.8-3.9 1.1 0 2.2.2 2.2.2v2.5h-1.3c-1.2 0-1.6.8-1.6 1.6V12h2.8l-.4 2.9h-2.3v7C18.3 21.1 22 17 22 12c0-5.5-4.5-10-10-10z\"><\/path><\/svg><span class=\"wp-block-social-link-label screen-reader-text\">Facebook<\/span><\/a><\/li><\/ul>\n<\/div>\n<\/div>\n<\/div>\n\n\n\n<p><\/p>\n","protected":false},"excerpt":{"rendered":"<p>Con\u00f3cenos \u00bfQUIENES SOMOS? MISI\u00d3N: El Centro Educativo Departamental Ca\u00f1o de Aguas es una entidad que ofrece un servicio educativo de calidad en los niveles de Preescolar, B\u00e1sica y Media, cumpliendo con los requisitos del MEN y la Secretar\u00eda de Educaci\u00f3n Departamental. Brindando a los estudiantes una formaci\u00f3n integral; de car\u00e1cter p\u00fablico, modalidad acad\u00e9mica y mixta, [&hellip;]<\/p>\n","protected":false},"author":1,"featured_media":0,"parent":0,"menu_order":0,"comment_status":"closed","ping_status":"closed","template":"","meta":{"footnotes":""},"_links":{"self":[{"href":"https:\/\/canoaguas.edu.co\/inicio\/wp-json\/wp\/v2\/pages\/62"}],"collection":[{"href":"https:\/\/canoaguas.edu.co\/inicio\/wp-json\/wp\/v2\/pages"}],"about":[{"href":"https:\/\/canoaguas.edu.co\/inicio\/wp-json\/wp\/v2\/types\/page"}],"author":[{"embeddable":true,"href":"https:\/\/canoaguas.edu.co\/inicio\/wp-json\/wp\/v2\/users\/1"}],"replies":[{"embeddable":true,"href":"https:\/\/canoaguas.edu.co\/inicio\/wp-json\/wp\/v2\/comments?post=62"}],"version-history":[{"count":5,"href":"https:\/\/canoaguas.edu.co\/inicio\/wp-json\/wp\/v2\/pages\/62\/revisions"}],"predecessor-version":[{"id":114,"href":"https:\/\/canoaguas.edu.co\/inicio\/wp-json\/wp\/v2\/pages\/62\/revisions\/114"}],"wp:attachment":[{"href":"https:\/\/canoaguas.edu.co\/inicio\/wp-json\/wp\/v2\/media?parent=62"}],"curies":[{"name":"wp","href":"https:\/\/api.w.org\/{rel}","templated":true}]}}